{"id":864,"date":"2021-06-15T10:04:37","date_gmt":"2021-06-15T10:04:37","guid":{"rendered":"https:\/\/zorgteamcostabrava.nl\/?page_id=864"},"modified":"2023-03-16T15:53:44","modified_gmt":"2023-03-16T13:53:44","slug":"cookies","status":"publish","type":"page","link":"https:\/\/zorgteamcostabrava.nl\/de\/cookies\/","title":{"rendered":"Cookies"},"content":{"rendered":"\t\t<div data-elementor-type=\"wp-page\" data-elementor-id=\"864\" class=\"elementor elementor-864 elementor-847\" data-elementor-post-type=\"page\">\n\t\t\t\t\t\t<section class=\"elementor-section elementor-top-section elementor-element elementor-element-5a84f98 elementor-section-height-min-height elementor-section-boxed elementor-section-height-default elementor-section-items-middle\" data-id=\"5a84f98\" data-element_type=\"section\" data-e-type=\"section\" data-settings=\"{&quot;background_background&quot;:&quot;classic&quot;}\">\n\t\t\t\t\t\t\t<div class=\"elementor-background-overlay\"><\/div>\n\t\t\t\t\t\t\t<div class=\"elementor-container elementor-column-gap-default\">\n\t\t\t\t\t<div class=\"elementor-column elementor-col-100 elementor-top-column elementor-element elementor-element-4d1df87\" data-id=\"4d1df87\" data-element_type=\"column\" data-e-type=\"column\">\n\t\t\t<div class=\"elementor-widget-wrap elementor-element-populated\">\n\t\t\t\t\t\t<div class=\"elementor-element elementor-element-69aa00f elementor-widget elementor-widget-heading\" data-id=\"69aa00f\" data-element_type=\"widget\" data-e-type=\"widget\" data-widget_type=\"heading.default\">\n\t\t\t\t<div class=\"elementor-widget-container\">\n\t\t\t\t\t<h1 class=\"elementor-heading-title elementor-size-default\">Cookies<\/h1>\t\t\t\t<\/div>\n\t\t\t\t<\/div>\n\t\t\t\t<div class=\"elementor-element elementor-element-02875e4 elementor-widget elementor-widget-shortcode\" data-id=\"02875e4\" data-element_type=\"widget\" data-e-type=\"widget\" data-widget_type=\"shortcode.default\">\n\t\t\t\t<div class=\"elementor-widget-container\">\n\t\t\t\t\t\t\t<div class=\"elementor-shortcode\"><nav aria-label=\"breadcrumbs\" class=\"rank-math-breadcrumb\"><p><span class=\"last\">Home<\/span><\/p><\/nav><\/div>\n\t\t\t\t\t\t<\/div>\n\t\t\t\t<\/div>\n\t\t\t\t\t<\/div>\n\t\t<\/div>\n\t\t\t\t\t<\/div>\n\t\t<\/section>\n\t\t\t\t<section class=\"elementor-section elementor-top-section elementor-element elementor-element-984e98c elementor-section-boxed elementor-section-height-default elementor-section-height-default\" data-id=\"984e98c\" data-element_type=\"section\" data-e-type=\"section\">\n\t\t\t\t\t\t<div class=\"elementor-container elementor-column-gap-default\">\n\t\t\t\t\t<div class=\"elementor-column elementor-col-100 elementor-top-column elementor-element elementor-element-082d155\" data-id=\"082d155\" data-element_type=\"column\" data-e-type=\"column\">\n\t\t\t<div class=\"elementor-widget-wrap elementor-element-populated\">\n\t\t\t\t\t\t<div class=\"elementor-element elementor-element-6be6eff elementor-widget elementor-widget-text-editor\" data-id=\"6be6eff\" data-element_type=\"widget\" data-e-type=\"widget\" data-widget_type=\"text-editor.default\">\n\t\t\t\t<div class=\"elementor-widget-container\">\n\t\t\t\t\t\t\t\t\t<p><strong>Verwendung von Cookies<\/strong><\/p>\n<p>https:\/\/zorgteamcostabrava.nl\/ platziert Cookies bei Besuchern. Wir tun dies, um Informationen \u00fcber die von den Benutzern auf unserer Website besuchten Seiten zu sammeln, um zu verfolgen, wie oft die Besucher zur\u00fcckkehren, und um zu sehen, welche Seiten auf der Website gut laufen. Wir behalten auch im Auge, welche Informationen der Browser weitergibt.<\/p>\n<p><strong>Cookies deaktivieren<\/strong><\/p>\n<p>Sie haben die M\u00f6glichkeit, Cookies zu deaktivieren. Dazu k\u00f6nnen Sie die M\u00f6glichkeiten Ihres Browsers nutzen. Weitere Informationen zu diesen Optionen finden Sie auf der Website Ihres Browser-Anbieters.<\/p>\n<p><strong>Cookies von Dritten<\/strong><\/p>\n<p>Dritte, wie z. B. Google, k\u00f6nnen auf unserer Website Werbung schalten oder wir k\u00f6nnen einen anderen Dienst nutzen. Zu diesem Zweck setzen diese Dritten in einigen F\u00e4llen Cookies. Diese Cookies k\u00f6nnen von https:\/\/zorgteamcostabrava.nl\/ nicht beeinflusst werden.<\/p>\n\t\t\t\t\t\t\t\t<\/div>\n\t\t\t\t<\/div>\n\t\t\t\t\t<\/div>\n\t\t<\/div>\n\t\t\t\t\t<\/div>\n\t\t<\/section>\n\t\t\t\t<\/div>\n\t\t","protected":false},"excerpt":{"rendered":"<p>Cookies Verwendung von Cookies https:\/\/zorgteamcostabrava.nl\/ platziert Cookies bei Besuchern. Wir tun dies, um Informationen \u00fcber die von den Benutzern auf unserer Website besuchten Seiten zu sammeln, um zu verfolgen, wie oft die Besucher zur\u00fcckkehren, und um zu sehen, welche Seiten auf der Website gut laufen. Wir behalten auch im Auge, welche Informationen der Browser weitergibt. [&hellip;]<\/p>\n","protected":false},"author":2,"featured_media":0,"parent":0,"menu_order":0,"comment_status":"closed","ping_status":"closed","template":"elementor_header_footer","meta":{"footnotes":""},"class_list":["post-864","page","type-page","status-publish","hentry"],"_links":{"self":[{"href":"https:\/\/zorgteamcostabrava.nl\/de\/wp-json\/wp\/v2\/pages\/864","targetHints":{"allow":["GET"]}}],"collection":[{"href":"https:\/\/zorgteamcostabrava.nl\/de\/wp-json\/wp\/v2\/pages"}],"about":[{"href":"https:\/\/zorgteamcostabrava.nl\/de\/wp-json\/wp\/v2\/types\/page"}],"author":[{"embeddable":true,"href":"https:\/\/zorgteamcostabrava.nl\/de\/wp-json\/wp\/v2\/users\/2"}],"replies":[{"embeddable":true,"href":"https:\/\/zorgteamcostabrava.nl\/de\/wp-json\/wp\/v2\/comments?post=864"}],"version-history":[{"count":5,"href":"https:\/\/zorgteamcostabrava.nl\/de\/wp-json\/wp\/v2\/pages\/864\/revisions"}],"predecessor-version":[{"id":31932,"href":"https:\/\/zorgteamcostabrava.nl\/de\/wp-json\/wp\/v2\/pages\/864\/revisions\/31932"}],"wp:attachment":[{"href":"https:\/\/zorgteamcostabrava.nl\/de\/wp-json\/wp\/v2\/media?parent=864"}],"curies":[{"name":"wp","href":"https:\/\/api.w.org\/{rel}","templated":true}]}}