{"id":834,"date":"2021-06-15T09:31:16","date_gmt":"2021-06-15T09:31:16","guid":{"rendered":"https:\/\/zorgteamcostabrava.nl\/?page_id=834"},"modified":"2023-03-16T16:45:14","modified_gmt":"2023-03-16T14:45:14","slug":"privacy-policy","status":"publish","type":"page","link":"https:\/\/zorgteamcostabrava.nl\/de\/privacy-policy\/","title":{"rendered":"Datenschutzbestimmungen"},"content":{"rendered":"\t\t<div data-elementor-type=\"wp-page\" data-elementor-id=\"834\" class=\"elementor elementor-834 elementor-3\" data-elementor-post-type=\"page\">\n\t\t\t\t\t\t<section class=\"elementor-section elementor-top-section elementor-element elementor-element-5cb6b43 elementor-section-height-min-height elementor-section-boxed elementor-section-height-default elementor-section-items-middle\" data-id=\"5cb6b43\" data-element_type=\"section\" data-e-type=\"section\" data-settings=\"{&quot;background_background&quot;:&quot;classic&quot;}\">\n\t\t\t\t\t\t\t<div class=\"elementor-background-overlay\"><\/div>\n\t\t\t\t\t\t\t<div class=\"elementor-container elementor-column-gap-default\">\n\t\t\t\t\t<div class=\"elementor-column elementor-col-100 elementor-top-column elementor-element elementor-element-3453a1c\" data-id=\"3453a1c\" data-element_type=\"column\" data-e-type=\"column\">\n\t\t\t<div class=\"elementor-widget-wrap elementor-element-populated\">\n\t\t\t\t\t\t<div class=\"elementor-element elementor-element-333b7cb elementor-widget elementor-widget-heading\" data-id=\"333b7cb\" data-element_type=\"widget\" data-e-type=\"widget\" data-widget_type=\"heading.default\">\n\t\t\t\t<div class=\"elementor-widget-container\">\n\t\t\t\t\t<h1 class=\"elementor-heading-title elementor-size-default\">Datenschutzbestimmungen<\/h1>\t\t\t\t<\/div>\n\t\t\t\t<\/div>\n\t\t\t\t<div class=\"elementor-element elementor-element-7dbceaf elementor-widget elementor-widget-shortcode\" data-id=\"7dbceaf\" data-element_type=\"widget\" data-e-type=\"widget\" data-widget_type=\"shortcode.default\">\n\t\t\t\t<div class=\"elementor-widget-container\">\n\t\t\t\t\t\t\t<div class=\"elementor-shortcode\"><nav aria-label=\"breadcrumbs\" class=\"rank-math-breadcrumb\"><p><span class=\"last\">Home<\/span><\/p><\/nav><\/div>\n\t\t\t\t\t\t<\/div>\n\t\t\t\t<\/div>\n\t\t\t\t\t<\/div>\n\t\t<\/div>\n\t\t\t\t\t<\/div>\n\t\t<\/section>\n\t\t\t\t<section class=\"elementor-section elementor-top-section elementor-element elementor-element-6478ecc elementor-section-boxed elementor-section-height-default elementor-section-height-default\" data-id=\"6478ecc\" data-element_type=\"section\" data-e-type=\"section\">\n\t\t\t\t\t\t<div class=\"elementor-container elementor-column-gap-default\">\n\t\t\t\t\t<div class=\"elementor-column elementor-col-100 elementor-top-column elementor-element elementor-element-6639930\" data-id=\"6639930\" data-element_type=\"column\" data-e-type=\"column\">\n\t\t\t<div class=\"elementor-widget-wrap elementor-element-populated\">\n\t\t\t\t\t\t<div class=\"elementor-element elementor-element-d170f3a elementor-widget elementor-widget-text-editor\" data-id=\"d170f3a\" data-element_type=\"widget\" data-e-type=\"widget\" data-widget_type=\"text-editor.default\">\n\t\t\t\t<div class=\"elementor-widget-container\">\n\t\t\t\t\t\t\t\t\t<p>Datenschutzbestimmungen des ZorgTeam Costa Brava, Eigent\u00fcmer von https:\/\/zorgteamcostabrava.nl\/<\/p>\n<p><strong>1) Schutz der Privatsph\u00e4re<\/strong><\/p>\n<p>Die Wahrung der Privatsph\u00e4re der Besucher von https:\/\/zorgteamcostabrava.nl ist f\u00fcr uns eine wichtige Aufgabe. Deshalb beschreiben wir in unserer Datenschutzerkl\u00e4rung, welche Informationen wir sammeln und wie wir sie verwenden.<\/p>\n<p><strong>2) Zustimmung<\/strong><\/p>\n<p>Durch die Nutzung der von https:\/\/zorgteamcostabrava.nl bereitgestellten Informationen und Dienstleistungen erkl\u00e4ren Sie sich mit unserer Datenschutzpolitik und den hierin enthaltenen Bedingungen einverstanden.<\/p>\n<p><strong>3) Fragen<\/strong><\/p>\n<p>Wenn Sie weitere Informationen w\u00fcnschen oder Fragen zur Datenschutzpolitik von ZorgTeam Costa Brava und insbesondere zu https:\/\/zorgteamcostabrava.nl haben, wenden Sie sich bitte per E-Mail an uns. Unsere E-Mail Adresse lautet info@zorgteamcostabrava.nl.<\/p>\n<p><strong>4) Verfolgung des Besucherverhaltens<\/strong><\/p>\n<p>https:\/\/zorgteamcostabrava.nl verwendet verschiedene Techniken, um zu verfolgen, wer die Website besucht, wie sich dieser Besucher auf der Website verh\u00e4lt und welche Seiten er besucht. Dies ist eine g\u00e4ngige Praxis f\u00fcr Websites, da sie Informationen liefert, die zur Qualit\u00e4t der Nutzererfahrung beitragen. Zu den Informationen, die wir durch Cookies aufzeichnen, geh\u00f6ren IP-Adressen, Browsertyp und besuchte Seiten.<\/p>\n<p>Wir verfolgen auch, wo Besucher die Website zum ersten Mal besuchen und von welcher Seite aus sie die Website verlassen. Wir halten diese Informationen anonym und sie werden nicht mit anderen pers\u00f6nlichen Informationen verkn\u00fcpft.<\/p>\n<p><strong>5) Verwendung von Cookies<\/strong><\/p>\n<p>https:\/\/zorgteamcostabrava.nl setzt Cookies auf Besucher. Wir tun dies, um Informationen \u00fcber die von den Benutzern auf unserer Website besuchten Seiten zu sammeln, um zu verfolgen, wie oft die Besucher zur\u00fcckkehren, und um zu sehen, welche Seiten auf der Website gut funktionieren. Wir verfolgen auch, welche Informationen Ihr Browser weitergibt.<\/p>\n<p><strong>6) Deaktivieren von Cookies<\/strong><\/p>\n<p>Sie haben die M\u00f6glichkeit, Cookies zu deaktivieren. Verwenden Sie dazu die Optionen Ihres Browsers. Weitere Informationen zu diesen Optionen finden Sie auf der Website Ihres Browser-Anbieters.<\/p>\n<p><strong>7) Cookies von Dritten<\/strong><\/p>\n<p>Dritte, wie z. B. Google, k\u00f6nnen auf unserer Website Werbung schalten oder wir k\u00f6nnen einen anderen Dienst nutzen. Zu diesem Zweck setzen diese Dritten in einigen F\u00e4llen Cookies. Diese Cookies k\u00f6nnen von https:\/\/zorgteamcostabrava.nl nicht beeinflusst werden.<\/p>\t\t\t\t\t\t\t\t<\/div>\n\t\t\t\t<\/div>\n\t\t\t\t\t<\/div>\n\t\t<\/div>\n\t\t\t\t\t<\/div>\n\t\t<\/section>\n\t\t\t\t<\/div>\n\t\t","protected":false},"excerpt":{"rendered":"<p>Datenschutzbestimmungen Datenschutzbestimmungen des ZorgTeam Costa Brava, Eigent\u00fcmer von https:\/\/zorgteamcostabrava.nl\/ 1) Schutz der Privatsph\u00e4re Die Wahrung der Privatsph\u00e4re der Besucher von https:\/\/zorgteamcostabrava.nl ist f\u00fcr uns eine wichtige Aufgabe. Deshalb beschreiben wir in unserer Datenschutzerkl\u00e4rung, welche Informationen wir sammeln und wie wir sie verwenden. 2) Zustimmung Durch die Nutzung der von https:\/\/zorgteamcostabrava.nl bereitgestellten Informationen und Dienstleistungen erkl\u00e4ren [&hellip;]<\/p>\n","protected":false},"author":2,"featured_media":0,"parent":0,"menu_order":0,"comment_status":"closed","ping_status":"closed","template":"elementor_header_footer","meta":{"footnotes":""},"class_list":["post-834","page","type-page","status-publish","hentry"],"_links":{"self":[{"href":"https:\/\/zorgteamcostabrava.nl\/de\/wp-json\/wp\/v2\/pages\/834","targetHints":{"allow":["GET"]}}],"collection":[{"href":"https:\/\/zorgteamcostabrava.nl\/de\/wp-json\/wp\/v2\/pages"}],"about":[{"href":"https:\/\/zorgteamcostabrava.nl\/de\/wp-json\/wp\/v2\/types\/page"}],"author":[{"embeddable":true,"href":"https:\/\/zorgteamcostabrava.nl\/de\/wp-json\/wp\/v2\/users\/2"}],"replies":[{"embeddable":true,"href":"https:\/\/zorgteamcostabrava.nl\/de\/wp-json\/wp\/v2\/comments?post=834"}],"version-history":[{"count":5,"href":"https:\/\/zorgteamcostabrava.nl\/de\/wp-json\/wp\/v2\/pages\/834\/revisions"}],"predecessor-version":[{"id":32415,"href":"https:\/\/zorgteamcostabrava.nl\/de\/wp-json\/wp\/v2\/pages\/834\/revisions\/32415"}],"wp:attachment":[{"href":"https:\/\/zorgteamcostabrava.nl\/de\/wp-json\/wp\/v2\/media?parent=834"}],"curies":[{"name":"wp","href":"https:\/\/api.w.org\/{rel}","templated":true}]}}